{"id":5370,"date":"2023-10-09T07:21:57","date_gmt":"2023-10-09T07:21:57","guid":{"rendered":"https:\/\/baseltor.ch\/?page_id=5370"},"modified":"2023-10-19T13:51:01","modified_gmt":"2023-10-19T13:51:01","slug":"acces","status":"publish","type":"page","link":"https:\/\/baseltor.ch\/fr\/acces\/","title":{"rendered":"Acc\u00e8s"},"content":{"rendered":"","protected":false},"excerpt":{"rendered":"","protected":false},"author":4,"featured_media":0,"parent":0,"menu_order":11,"comment_status":"closed","ping_status":"closed","template":"views\/template-contact.blade.php","meta":{"_acf_changed":false,"inline_featured_image":false},"class_list":["post-5370","page","type-page","status-publish","hentry"],"acf":{"seo":{"active":true,"title":"","text":"","image":false,"keywords":""},"map":{"address":"Hotel Restaurant Baseltor, Hauptgasse, Solothurn, Schweiz","lat":47.2086905999999970617864164523780345916748046875,"lng":7.53928689999999956938836476183496415615081787109375,"zoom":16,"place_id":"ChIJ75e1nfnXkUcR4u4VGNkNBYs","name":"Restaurant Hotel Baseltor","street_number":"79","street_name":"Hauptgasse","city":"Solothurn","state":"Solothurn","state_short":"SO","post_code":"4500","country":"Schweiz","country_short":"CH"},"contact_entry":{"lead":"<h3>Baseltor H\u00f4tel Restaurant est situ\u00e9 au c\u0153ur de Soleure, \u00e0 c\u00f4t\u00e9 de la cath\u00e9drale Saint-Ours.<\/h3>\n<p><strong>Arriv\u00e9e avec les transports publics<\/strong><br \/>\nDepuis la gare de Soleure, l&#8217;h\u00f4tel est accessible en moins de 10 minutes \u00e0 pied par le pont Kreuzacker. Planifiez votre voyage en train <a href=\"https:\/\/www.sbb.ch\/fr\/home.html\" target=\"_blank\" rel=\"noopener\">cff.ch<\/a><\/p>\n<p><strong>Arriv\u00e9e en voiture<\/strong><br \/>\nLa vieille ville de Soleure est interdite aux voitures. Vous pouvez vous garer bri\u00e8vement devant l&#8217;h\u00f4tel pour d\u00e9charger et charger vos bagages. Vous trouverez des places de stationnement dans le <a href=\"https:\/\/www.solothurn-parking.ch\/standorte\/\" target=\"_blank\" rel=\"noopener\">parking voisin Baseltor<\/a> : Pisoniplatz, Soleure (entr\u00e9e du GPS : Pisoniplatz 2, coordonn\u00e9es : 47.208872\u00b0N, 7.540070\u00b0E). La carte journali\u00e8re \u00e0 18 CHF peut \u00eatre achet\u00e9e \u00e0 tout moment avec le ticket d&#8217;entr\u00e9e \u00e0 l&#8217;une des caisses automatiques.<\/p>\n","text-sections":false},"elements":false,"contact_elements":{"elements":false}},"_links":{"self":[{"href":"https:\/\/baseltor.ch\/fr\/wp-json\/wp\/v2\/pages\/5370","targetHints":{"allow":["GET"]}}],"collection":[{"href":"https:\/\/baseltor.ch\/fr\/wp-json\/wp\/v2\/pages"}],"about":[{"href":"https:\/\/baseltor.ch\/fr\/wp-json\/wp\/v2\/types\/page"}],"author":[{"embeddable":true,"href":"https:\/\/baseltor.ch\/fr\/wp-json\/wp\/v2\/users\/4"}],"replies":[{"embeddable":true,"href":"https:\/\/baseltor.ch\/fr\/wp-json\/wp\/v2\/comments?post=5370"}],"version-history":[{"count":5,"href":"https:\/\/baseltor.ch\/fr\/wp-json\/wp\/v2\/pages\/5370\/revisions"}],"predecessor-version":[{"id":5392,"href":"https:\/\/baseltor.ch\/fr\/wp-json\/wp\/v2\/pages\/5370\/revisions\/5392"}],"wp:attachment":[{"href":"https:\/\/baseltor.ch\/fr\/wp-json\/wp\/v2\/media?parent=5370"}],"curies":[{"name":"wp","href":"https:\/\/api.w.org\/{rel}","templated":true}]}}