{"id":4227,"date":"2021-12-01T14:07:55","date_gmt":"2021-12-01T14:07:55","guid":{"rendered":"https:\/\/baseltor.baseltor.cyon.site\/?page_id=4227"},"modified":"2024-07-22T12:25:24","modified_gmt":"2024-07-22T12:25:24","slug":"mentions-legales","status":"publish","type":"page","link":"https:\/\/baseltor.ch\/fr\/mentions-legales\/","title":{"rendered":"Mentions l\u00e9gales"},"content":{"rendered":"","protected":false},"excerpt":{"rendered":"","protected":false},"author":1,"featured_media":0,"parent":0,"menu_order":15,"comment_status":"closed","ping_status":"closed","template":"views\/template-custom.blade.php","meta":{"_acf_changed":false,"inline_featured_image":false},"class_list":["post-4227","page","type-page","status-publish","hentry"],"acf":{"text-header":{"text":""},"text_header":{"text-header":{"text":""}},"elements":[{"acf_fc_layout":"wysiwyg","text":"<p><strong>Responsable<\/strong><br \/>\nBaseltor Genossenschaft<br \/>\nAndreas Richard<\/p>\n<p><strong>Concept, design et programmation<\/strong><br \/>\nseerow gmbh<br \/>\nWengistrasse 31<br \/>\n4500 Solothurn<br \/>\n<a href=\"https:\/\/seerow.ch\" target=\"_blank\" rel=\"noopener\">seerow.ch<\/a><\/p>\n<h2>Clause de non-responsabilit\u00e9<\/h2>\n<p>Les informations mises \u00e0 disposition sur ce site web ont \u00e9t\u00e9 soigneusement v\u00e9rifi\u00e9es et sont r\u00e9guli\u00e8rement mises \u00e0 jour. Toutefois, aucune responsabilit\u00e9 ou garantie ne peut \u00eatre assum\u00e9e quant \u00e0 l&#8217;exhaustivit\u00e9, l&#8217;exactitude et l&#8217;actualit\u00e9 de toutes les informations \u00e0 tout moment. Cela vaut en particulier pour tous les liens vers d&#8217;autres sites web auxquels il est fait r\u00e9f\u00e9rence directement ou indirectement. Toutes les informations peuvent \u00eatre modifi\u00e9es, supprim\u00e9es ou compl\u00e9t\u00e9es sans pr\u00e9avis. Ni la publication ni son contenu ne peuvent \u00eatre modifi\u00e9s de quelque mani\u00e8re que ce soit, ni distribu\u00e9s ou transmis \u00e0 des tiers sans l&#8217;autorisation expresse pr\u00e9alable de la Genossenschaft Baseltor, Soleure.<\/p>\n"}],"home_elements":{"elements":[{"acf_fc_layout":"wysiwyg","text":"<p><strong>Responsable<\/strong><br \/>\nBaseltor Genossenschaft<br \/>\nAndreas Richard<\/p>\n<p><strong>Concept, design et programmation<\/strong><br \/>\nseerow gmbh<br \/>\nWengistrasse 31<br \/>\n4500 Solothurn<br \/>\n<a href=\"https:\/\/seerow.ch\" target=\"_blank\" rel=\"noopener\">seerow.ch<\/a><\/p>\n<h2>Clause de non-responsabilit\u00e9<\/h2>\n<p>Les informations mises \u00e0 disposition sur ce site web ont \u00e9t\u00e9 soigneusement v\u00e9rifi\u00e9es et sont r\u00e9guli\u00e8rement mises \u00e0 jour. Toutefois, aucune responsabilit\u00e9 ou garantie ne peut \u00eatre assum\u00e9e quant \u00e0 l&#8217;exhaustivit\u00e9, l&#8217;exactitude et l&#8217;actualit\u00e9 de toutes les informations \u00e0 tout moment. Cela vaut en particulier pour tous les liens vers d&#8217;autres sites web auxquels il est fait r\u00e9f\u00e9rence directement ou indirectement. Toutes les informations peuvent \u00eatre modifi\u00e9es, supprim\u00e9es ou compl\u00e9t\u00e9es sans pr\u00e9avis. Ni la publication ni son contenu ne peuvent \u00eatre modifi\u00e9s de quelque mani\u00e8re que ce soit, ni distribu\u00e9s ou transmis \u00e0 des tiers sans l&#8217;autorisation expresse pr\u00e9alable de la Genossenschaft Baseltor, Soleure.<\/p>\n"}]},"seo":{"active":true,"title":"","text":"","image":false,"keywords":""}},"_links":{"self":[{"href":"https:\/\/baseltor.ch\/fr\/wp-json\/wp\/v2\/pages\/4227","targetHints":{"allow":["GET"]}}],"collection":[{"href":"https:\/\/baseltor.ch\/fr\/wp-json\/wp\/v2\/pages"}],"about":[{"href":"https:\/\/baseltor.ch\/fr\/wp-json\/wp\/v2\/types\/page"}],"author":[{"embeddable":true,"href":"https:\/\/baseltor.ch\/fr\/wp-json\/wp\/v2\/users\/1"}],"replies":[{"embeddable":true,"href":"https:\/\/baseltor.ch\/fr\/wp-json\/wp\/v2\/comments?post=4227"}],"version-history":[{"count":5,"href":"https:\/\/baseltor.ch\/fr\/wp-json\/wp\/v2\/pages\/4227\/revisions"}],"predecessor-version":[{"id":5971,"href":"https:\/\/baseltor.ch\/fr\/wp-json\/wp\/v2\/pages\/4227\/revisions\/5971"}],"wp:attachment":[{"href":"https:\/\/baseltor.ch\/fr\/wp-json\/wp\/v2\/media?parent=4227"}],"curies":[{"name":"wp","href":"https:\/\/api.w.org\/{rel}","templated":true}]}}