{"id":3993,"date":"2021-08-27T15:19:47","date_gmt":"2021-08-27T15:19:47","guid":{"rendered":"https:\/\/baseltor.baseltor.cyon.site\/gutscheine\/"},"modified":"2022-07-21T07:35:09","modified_gmt":"2022-07-21T07:35:09","slug":"bons-cadeaux","status":"publish","type":"page","link":"https:\/\/baseltor.ch\/fr\/bons-cadeaux\/","title":{"rendered":"Bons cadeaux"},"content":{"rendered":"","protected":false},"excerpt":{"rendered":"","protected":false},"author":1,"featured_media":0,"parent":0,"menu_order":69,"comment_status":"closed","ping_status":"closed","template":"views\/template-subpage.blade.php","meta":{"_acf_changed":false,"inline_featured_image":false},"class_list":["post-3993","page","type-page","status-publish","hentry"],"acf":{"subpage_entry":{"title":"<h1>Bons cadeaux<\/h1>\n","text-sections":[{"subtitle":"","text":"<p><span style=\"font-weight: 400;\">Nous vous proposons deux types de bons cadeaux: un bon classique id\u00e9al notamment pour un anniversaire ou un mariage et valable au sein de notre \u00e9tablissement ou bien, pour un maximum de flexibilit\u00e9, un bon valable dans tous les \u00e9tablissements de notre Genossenschaft: \u00a0<a href=\"https:\/\/solheure.ch\/\" target=\"_blank\" rel=\"noopener\">Solheure<\/a>, <a href=\"https:\/\/restaurant-salzhaus.ch\" target=\"_blank\" rel=\"noopener\">Salzhaus<\/a>, <a href=\"https:\/\/viktor-solothurn.ch\/\" target=\"_blank\" rel=\"noopener\">Viktor<\/a> et <a href=\"https:\/\/www.lacouronne-solothurn.ch\/\" target=\"_blank\" rel=\"noopener\">La Couronne<\/a>.<\/span><\/p>\n"},{"subtitle":"","text":"<h2 style=\"text-align: center;\">Comment \u00e7a marche?<\/h2>\n<p><span style=\"font-weight: 400;\">Vous pouvez venir retirer votre bon aupr\u00e8s de notre \u00e9tablissement pendant nos horaires d\u2019ouverture ou l&#8217;acheter directement dans notre Online-Shop.<\/span><\/p>\n"}],"link-lists":[{"title":"","entries":[{"typ":"voucher","link":{"title":"Online Shop print@home","url":"https:\/\/shop.e-vou.com\/?companyid=3&locationid=33&lang=de&PHPSESSID=349f82a72b105a72f3d4325c1a058917","target":""},"file":false,"label":"Online-Shop print@home","url":"https:\/\/shop.e-vou.com\/?companyid=3&locationid=33&lang=de"}]}],"image-element":{"image":false,"caption":""}},"elements":false,"subpage_elements":{"elements":false},"seo":{"active":true,"title":"","text":"","image":false,"keywords":""}},"_links":{"self":[{"href":"https:\/\/baseltor.ch\/fr\/wp-json\/wp\/v2\/pages\/3993","targetHints":{"allow":["GET"]}}],"collection":[{"href":"https:\/\/baseltor.ch\/fr\/wp-json\/wp\/v2\/pages"}],"about":[{"href":"https:\/\/baseltor.ch\/fr\/wp-json\/wp\/v2\/types\/page"}],"author":[{"embeddable":true,"href":"https:\/\/baseltor.ch\/fr\/wp-json\/wp\/v2\/users\/1"}],"replies":[{"embeddable":true,"href":"https:\/\/baseltor.ch\/fr\/wp-json\/wp\/v2\/comments?post=3993"}],"version-history":[{"count":9,"href":"https:\/\/baseltor.ch\/fr\/wp-json\/wp\/v2\/pages\/3993\/revisions"}],"predecessor-version":[{"id":4772,"href":"https:\/\/baseltor.ch\/fr\/wp-json\/wp\/v2\/pages\/3993\/revisions\/4772"}],"wp:attachment":[{"href":"https:\/\/baseltor.ch\/fr\/wp-json\/wp\/v2\/media?parent=3993"}],"curies":[{"name":"wp","href":"https:\/\/api.w.org\/{rel}","templated":true}]}}