{"id":3991,"date":"2021-08-25T12:54:46","date_gmt":"2021-08-25T12:54:46","guid":{"rendered":"https:\/\/baseltor.baseltor.cyon.site\/kontakt\/"},"modified":"2024-07-15T08:24:50","modified_gmt":"2024-07-15T08:24:50","slug":"contact","status":"publish","type":"page","link":"https:\/\/baseltor.ch\/fr\/contact\/","title":{"rendered":"Contact"},"content":{"rendered":"","protected":false},"excerpt":{"rendered":"","protected":false},"author":1,"featured_media":0,"parent":0,"menu_order":66,"comment_status":"closed","ping_status":"closed","template":"views\/template-contact.blade.php","meta":{"_acf_changed":false,"inline_featured_image":false},"class_list":["post-3991","page","type-page","status-publish","hentry"],"acf":{"contact_entry":{"lead":"<p class=\"lead\">Pas de fioritures, pas d&#8217;etepete, mais une ambiance chaleureuse. C&#8217;est exactement ce que propose la Baseltor. Pia Camponovo et Martin Untern\u00e4hrer ainsi que toute l&#8217;\u00e9quipe de la Beaseltor se r\u00e9jouissent de votre visite!<\/p>\n","text-sections":[{"subtitle":"Comment nous joindre","text":"<p>Vous avez des questions, des souhaits, des suggestions ou vous avez besoin d&#8217;informations suppl\u00e9mentaires sur le Restaurant Hotel Baseltor ? Nous nous r\u00e9jouissons de votre message et vous contacterons dans les plus brefs d\u00e9lais. Vous pouvez nous joindre au 032 622 34 22 ou \u00e0 l&#8217;adresse suivante \u00a0<a href=\"mailto:reservation@baseltor.ch\">reservation@baseltor.ch<\/a><\/p>\n"},{"subtitle":"R\u00e9servations de tables","text":"<p>Nous acceptons volontiers les r\u00e9servations par <a href=\"mailto: reservation@baseltor.ch\" target=\"_blank\" rel=\"noopener\">e-mail<\/a> jusqu&#8217;\u00e0 24 heures \u00e0 l&#8217;avance. Pour les r\u00e9servations \u00e0 court terme, nous nous r\u00e9jouissons d&#8217;un appel t\u00e9l\u00e9phonique. <a href=\"https:\/\/mytools.aleno.me\/reservations\/v2.0\/reservations.html?k=eyJrIjoid2l2dTVrM2lsNm15cnBiOWlwdzZ4bmViajhycnVkaWRpZ280bGZwODBsbzlhNGlweTEiLCJsIjoiZGUiLCJyIjoiaEtZZWVoUWNNaWRnckVnRFIiLCJzIjoiaHR0cHM6Ly9teXRvb2xzLmFsZW5vLm1lLyJ9&amp;shifts=Abend%2CAbend 1. Service%2CAbend 2. Service%2CMittag&amp;paxMax=20&amp;paxLimit=true&amp;locale=fr\" target=\"_blank\" rel=\"noopener\">R\u00e9server une table maintenant.<\/a><\/p>\n"},{"subtitle":"R\u00e9server une chambre","text":"<p>Vous obtiendrez toujours les meilleurs prix et les meilleures disponibilit\u00e9s en r\u00e9servant directement chez nous. Vous pouvez r\u00e9server directement sur notre site web, nous envoyer un <a href=\"mailto: reservation@baseltor.ch\" target=\"_blank\" rel=\"noopener\">e-mail<\/a> ou simplement nous appeler au +41 32 622 34 22. <a href=\"https:\/\/www.simplebooking.it\/ibe\/hotelbooking\/search?hid=4630&amp;lang=fr\" target=\"_blank\" rel=\"noopener\">R\u00e9servez une chambre maintenant.<\/a><\/p>\n"}]},"seo":{"active":true,"title":"","text":"","image":false,"keywords":""},"map":{"address":"Hotel Restaurant Baseltor, Hauptgasse, Solothurn, Schweiz","lat":47.2086905999999970617864164523780345916748046875,"lng":7.53928689999999956938836476183496415615081787109375,"zoom":16,"place_id":"ChIJ75e1nfnXkUcR4u4VGNkNBYs","name":"Restaurant Hotel Baseltor","street_number":"79","street_name":"Hauptgasse","city":"Solothurn","state":"Solothurn","state_short":"SO","post_code":"4500","country":"Schweiz","country_short":"CH"},"elements":[{"acf_fc_layout":"contact-form","contact-form":{"title":"<h2>Tu as des questions?<\/h2>\n","subject":"Kontakt"}}],"contact_elements":{"elements":[{"acf_fc_layout":"contact-form","contact-form":{"title":"<h2>Tu as des questions?<\/h2>\n","subject":"Kontakt"}}]}},"_links":{"self":[{"href":"https:\/\/baseltor.ch\/fr\/wp-json\/wp\/v2\/pages\/3991","targetHints":{"allow":["GET"]}}],"collection":[{"href":"https:\/\/baseltor.ch\/fr\/wp-json\/wp\/v2\/pages"}],"about":[{"href":"https:\/\/baseltor.ch\/fr\/wp-json\/wp\/v2\/types\/page"}],"author":[{"embeddable":true,"href":"https:\/\/baseltor.ch\/fr\/wp-json\/wp\/v2\/users\/1"}],"replies":[{"embeddable":true,"href":"https:\/\/baseltor.ch\/fr\/wp-json\/wp\/v2\/comments?post=3991"}],"version-history":[{"count":11,"href":"https:\/\/baseltor.ch\/fr\/wp-json\/wp\/v2\/pages\/3991\/revisions"}],"predecessor-version":[{"id":5945,"href":"https:\/\/baseltor.ch\/fr\/wp-json\/wp\/v2\/pages\/3991\/revisions\/5945"}],"wp:attachment":[{"href":"https:\/\/baseltor.ch\/fr\/wp-json\/wp\/v2\/media?parent=3991"}],"curies":[{"name":"wp","href":"https:\/\/api.w.org\/{rel}","templated":true}]}}