{"id":3985,"date":"2021-05-31T06:24:16","date_gmt":"2021-05-31T06:24:16","guid":{"rendered":"https:\/\/baseltor.baseltor.cyon.site\/uebernachten\/"},"modified":"2021-12-06T18:12:56","modified_gmt":"2021-12-06T18:12:56","slug":"dormir","status":"publish","type":"page","link":"https:\/\/baseltor.ch\/fr\/dormir\/","title":{"rendered":"Dormir"},"content":{"rendered":"","protected":false},"excerpt":{"rendered":"","protected":false},"author":1,"featured_media":0,"parent":0,"menu_order":57,"comment_status":"closed","ping_status":"closed","template":"views\/template-rooms.blade.php","meta":{"_acf_changed":false,"inline_featured_image":false},"class_list":["post-3985","page","type-page","status-publish","hentry"],"acf":{"rooms_heading":"<h1>Des chambres au style unique r\u00e9parties dans 4\u00a0b\u00e2timents d\u2019\u00e9poque<\/h1>\n<p><span style=\"font-weight: 400;\">Nos chambres disposent d\u2019un style unique, mais aussi d\u2019une configuration sans pareille puisqu\u2019elles \u00e9pousent l\u2019architecture des quatre b\u00e2timents d\u2019\u00e9poque qui les abritent. Les couloirs \u00e9troits et les nombreux mat\u00e9riaux d\u2019\u00e9poque cr\u00e9ent une ambiance chaleureuse au charme m\u00e9diterran\u00e9en. Le choix des couleurs ainsi que les \u00e9l\u00e9ments design incontournables donnent \u00e0 nos chambres une atmosph\u00e8re harmonieuse.<\/span><\/p>\n","elements":false,"rooms_elements":{"elements":false},"seo":{"active":true,"title":"","text":"","image":false,"keywords":""},"rooms_filter":{"title":""}},"_links":{"self":[{"href":"https:\/\/baseltor.ch\/fr\/wp-json\/wp\/v2\/pages\/3985","targetHints":{"allow":["GET"]}}],"collection":[{"href":"https:\/\/baseltor.ch\/fr\/wp-json\/wp\/v2\/pages"}],"about":[{"href":"https:\/\/baseltor.ch\/fr\/wp-json\/wp\/v2\/types\/page"}],"author":[{"embeddable":true,"href":"https:\/\/baseltor.ch\/fr\/wp-json\/wp\/v2\/users\/1"}],"replies":[{"embeddable":true,"href":"https:\/\/baseltor.ch\/fr\/wp-json\/wp\/v2\/comments?post=3985"}],"version-history":[{"count":3,"href":"https:\/\/baseltor.ch\/fr\/wp-json\/wp\/v2\/pages\/3985\/revisions"}],"predecessor-version":[{"id":4291,"href":"https:\/\/baseltor.ch\/fr\/wp-json\/wp\/v2\/pages\/3985\/revisions\/4291"}],"wp:attachment":[{"href":"https:\/\/baseltor.ch\/fr\/wp-json\/wp\/v2\/media?parent=3985"}],"curies":[{"name":"wp","href":"https:\/\/api.w.org\/{rel}","templated":true}]}}