{"id":3983,"date":"2021-05-31T06:27:39","date_gmt":"2021-05-31T06:27:39","guid":{"rendered":"https:\/\/baseltor.baseltor.cyon.site\/packages\/"},"modified":"2024-02-29T12:59:32","modified_gmt":"2024-02-29T12:59:32","slug":"offres","status":"publish","type":"page","link":"https:\/\/baseltor.ch\/fr\/offres\/","title":{"rendered":"Offres"},"content":{"rendered":"","protected":false},"excerpt":{"rendered":"","protected":false},"author":1,"featured_media":0,"parent":0,"menu_order":52,"comment_status":"closed","ping_status":"closed","template":"views\/template-packages.blade.php","meta":{"_acf_changed":false,"inline_featured_image":false},"class_list":["post-3983","page","type-page","status-publish","hentry"],"acf":{"packages_heading":"<h1>Des offres exceptionnelles<\/h1>\n<p><span style=\"font-weight: 400;\">Le Baseltor propose des forfaits attractifs avec des suppl\u00e9ments originaux aussi bien pour les amateurs de randonn\u00e9e que pour les passionn\u00e9s de culture. Que ce soit pour un week-end dans la ville des ambassadeurs ou une escale lors de votre circuit \u00e0 v\u00e9lo, vous b\u00e9n\u00e9ficiez d\u2019un tarif sp\u00e9cial ainsi que de nombreux services en plus gr\u00e2ce \u00e0 nos forfaits exceptionnels.<\/span><\/p>\n","elements":false,"packages_elements":{"elements":false},"seo":{"active":true,"title":"","text":"","image":false,"keywords":""},"packages_filter":{"title":"Profiter des forfaits"}},"_links":{"self":[{"href":"https:\/\/baseltor.ch\/fr\/wp-json\/wp\/v2\/pages\/3983","targetHints":{"allow":["GET"]}}],"collection":[{"href":"https:\/\/baseltor.ch\/fr\/wp-json\/wp\/v2\/pages"}],"about":[{"href":"https:\/\/baseltor.ch\/fr\/wp-json\/wp\/v2\/types\/page"}],"author":[{"embeddable":true,"href":"https:\/\/baseltor.ch\/fr\/wp-json\/wp\/v2\/users\/1"}],"replies":[{"embeddable":true,"href":"https:\/\/baseltor.ch\/fr\/wp-json\/wp\/v2\/comments?post=3983"}],"version-history":[{"count":5,"href":"https:\/\/baseltor.ch\/fr\/wp-json\/wp\/v2\/pages\/3983\/revisions"}],"predecessor-version":[{"id":5641,"href":"https:\/\/baseltor.ch\/fr\/wp-json\/wp\/v2\/pages\/3983\/revisions\/5641"}],"wp:attachment":[{"href":"https:\/\/baseltor.ch\/fr\/wp-json\/wp\/v2\/media?parent=3983"}],"curies":[{"name":"wp","href":"https:\/\/api.w.org\/{rel}","templated":true}]}}